{"id":3932,"date":"2023-04-19T20:43:54","date_gmt":"2023-04-19T18:43:54","guid":{"rendered":"http:\/\/bv-graefrath.de\/?page_id=3932"},"modified":"2025-02-03T06:46:02","modified_gmt":"2025-02-03T05:46:02","slug":"praevention-sexualisierter-gewalt-beim-bvg","status":"publish","type":"page","link":"https:\/\/bv-graefrath.de\/?page_id=3932","title":{"rendered":"Pr\u00e4vention sexualisierter Gewalt beim BVG"},"content":{"rendered":"\n<figure class=\"wp-block-image size-full\"><img loading=\"lazy\" decoding=\"async\" width=\"600\" height=\"508\" src=\"https:\/\/bv-graefrath.de\/wp-content\/uploads\/2025\/02\/Praevention_sexu_Gewalt_BVG.jpg\" alt=\"\" class=\"wp-image-5415\" srcset=\"https:\/\/bv-graefrath.de\/wp-content\/uploads\/2025\/02\/Praevention_sexu_Gewalt_BVG.jpg 600w, https:\/\/bv-graefrath.de\/wp-content\/uploads\/2025\/02\/Praevention_sexu_Gewalt_BVG-300x254.jpg 300w\" sizes=\"auto, (max-width: 600px) 100vw, 600px\" \/><\/figure>\n\n\n\n<p>Der Sport schafft emotionale N\u00e4he, die viele von uns\nfasziniert und die in der heutigen Zeit f\u00fcr das soziale Miteinander so wichtig\ngeworden ist. Allerdings kann es auch im Sport zu Grenz\u00fcberschreitungen und\nMissbrauch kommen. Der <strong>BV Gr\u00e4frath e.V.<\/strong> m\u00f6chte alles daf\u00fcr tun, den\nMitgliedern, speziell den Kindern und Jugendlichen, einen sicheren Rahmen zu\nbieten, damit die Jungen und M\u00e4dchen unbeschwert Fu\u00dfball spielen k\u00f6nnen.<\/p>\n\n\n\n<p>Aus diesem Grund entwickelt der BVG ein umfangreiches Konzept\nzur <\/p>\n\n\n\n<p><strong>Pr\u00e4vention\nsexualisierter Gewalt.<\/strong><\/p>\n\n\n\n<p>Im ersten Schritt m\u00f6chten wir f\u00fcr unsere Mitglieder entsprechend ausgebildete Ansprechpartner benennen, die Euch bei allen Fragen oder f\u00fcr Hinweise zu diesem Thema mit Rat und Tat jederzeit und vertraulich zur Verf\u00fcgung stehen.<\/p>\n\n\n\n<div class=\"wp-block-media-text alignwide has-media-on-the-right\" style=\"grid-template-columns:auto 39%\"><div class=\"wp-block-media-text__content\">\n<p><strong>Katrin Hefke<\/strong>, Tel. 0176-83134962,<br><br>seit 2017 engagierte Spielerinnen-Mutter und Betreuerin<\/p>\n\n\n\n<p><\/p>\n\n\n\n<p><strong>Andreas Schneider<\/strong>, Tel. 0152-53114187,<br>a.schneider@bv-graefrath.de<br><br>seit 2015 Trainer und Bereichsleiter f\u00fcr M\u00e4dchen- und Frauenfussball beim BVG<\/p>\n<\/div><figure class=\"wp-block-media-text__media\"><img decoding=\"async\" src=\"http:\/\/bv-graefrath.de\/wp-content\/uploads\/2023\/04\/Urkund_Schneider_Andreas.png\" alt=\"\" class=\"wp-image-3929 size-full\"\/><\/figure><\/div>\n","protected":false},"excerpt":{"rendered":"<p>Der Sport schafft emotionale N\u00e4he, die viele von uns fasziniert und die in der heutigen Zeit f\u00fcr das soziale Miteinander  [&#8230;]<\/p>\n","protected":false},"author":1,"featured_media":0,"parent":0,"menu_order":0,"comment_status":"closed","ping_status":"closed","template":"","meta":{"footnotes":""},"class_list":["post-3932","page","type-page","status-publish","hentry"],"_links":{"self":[{"href":"https:\/\/bv-graefrath.de\/index.php?rest_route=\/wp\/v2\/pages\/3932","targetHints":{"allow":["GET"]}}],"collection":[{"href":"https:\/\/bv-graefrath.de\/index.php?rest_route=\/wp\/v2\/pages"}],"about":[{"href":"https:\/\/bv-graefrath.de\/index.php?rest_route=\/wp\/v2\/types\/page"}],"author":[{"embeddable":true,"href":"https:\/\/bv-graefrath.de\/index.php?rest_route=\/wp\/v2\/users\/1"}],"replies":[{"embeddable":true,"href":"https:\/\/bv-graefrath.de\/index.php?rest_route=%2Fwp%2Fv2%2Fcomments&post=3932"}],"version-history":[{"count":2,"href":"https:\/\/bv-graefrath.de\/index.php?rest_route=\/wp\/v2\/pages\/3932\/revisions"}],"predecessor-version":[{"id":5416,"href":"https:\/\/bv-graefrath.de\/index.php?rest_route=\/wp\/v2\/pages\/3932\/revisions\/5416"}],"wp:attachment":[{"href":"https:\/\/bv-graefrath.de\/index.php?rest_route=%2Fwp%2Fv2%2Fmedia&parent=3932"}],"curies":[{"name":"wp","href":"https:\/\/api.w.org\/{rel}","templated":true}]}}