{"id":39,"date":"2019-11-01T11:12:07","date_gmt":"2019-11-01T11:12:07","guid":{"rendered":"http:\/\/neu2019.bv-graefrath.de\/?page_id=39"},"modified":"2025-12-01T13:27:17","modified_gmt":"2025-12-01T12:27:17","slug":"mitglied-werden","status":"publish","type":"page","link":"https:\/\/bv-graefrath.de\/?page_id=39","title":{"rendered":"Mitglied werden \/ Formulare"},"content":{"rendered":"\n<p class=\"has-medium-font-size\">Wir freuen uns, dass Sie Mitglied im Ballspiel-Verein Gr\u00e4frath e.V. werden m\u00f6chten! Hier finden Sie alle wichtigen Informationen sowie die Anmeldeformulare.<\/p>\n\n\n\n<p class=\"has-medium-font-size\">Bitte nehmen Sie sich einen Moment Zeit, um die Informationsschreiben sorgf\u00e4ltig durchzulesen \u2013 dort erfahren Sie, welche Unterlagen f\u00fcr die Anmeldung erforderlich sind.<\/p>\n\n\n\n<p class=\"has-medium-font-size\">Damit wir Ihre Anmeldung reibungslos bearbeiten k\u00f6nnen, bitten wir Sie, alle Unterlagen vollst\u00e4ndig einzureichen.<\/p>\n\n\n\n<p class=\"has-medium-font-size\">Wir freuen uns auf Sie, oder Ihre Kinder!<\/p>\n\n\n\n<p><a href=\"https:\/\/bv-graefrath.de\/wp-content\/uploads\/2025\/02\/1.-Vereinsanmeldung-Junioren_neu.pdf\" target=\"_blank\" rel=\"noreferrer noopener\">Informationsschreiben zur Anmeldung in der Jugendabteilung<\/a><br><a href=\"https:\/\/bv-graefrath.de\/wp-content\/uploads\/2024\/05\/2.-Beitrittserklaerung-Jugend-2024.pdf\" target=\"_blank\" rel=\"noreferrer noopener\">Anmeldeformular \/ Beitrittserkl\u00e4rung Jugendabteilung<\/a><\/p>\n\n\n\n<hr class=\"wp-block-separator has-css-opacity is-style-wide\"\/>\n\n\n\n<p><a href=\"https:\/\/bv-graefrath.de\/wp-content\/uploads\/2025\/02\/1.-Vereinsanmeldung-Senioren_neu.pdf\" target=\"_blank\" rel=\"noreferrer noopener\">Informationsschreiben zur Anmeldung im Seniorenbereich<\/a><br><a href=\"https:\/\/bv-graefrath.de\/wp-content\/uploads\/2023\/02\/2.-Beitrittserkl\u00e4rung-Senioren_neu.pdf\" target=\"_blank\" rel=\"noreferrer noopener\">Anmeldeformular \/ Beitrittserkl\u00e4rung Seniorenbereich<\/a><\/p>\n\n\n\n<hr class=\"wp-block-separator has-css-opacity is-style-wide\"\/>\n\n\n\n<p><a href=\"https:\/\/bv-graefrath.de\/wp-content\/uploads\/2023\/07\/Anmeldung-Probetraining-bei-BVG.pdf\" target=\"_blank\" rel=\"noreferrer noopener\">Anmeldung Probetraining (aktive und\/oder vereinsfremde Spieler)<\/a><\/p>\n\n\n\n<hr class=\"wp-block-separator has-css-opacity is-style-wide\"\/>\n\n\n\n<p><a href=\"https:\/\/bv-graefrath.de\/wp-content\/uploads\/2019\/12\/wdfv-antrag_spielberechtigung_ng_ok.pdf\" target=\"_blank\" rel=\"noreferrer noopener\">Antrag auf Erteilung einer Spielberechtigung &#8211; Westdeutscher Fussballverband<\/a><\/p>\n\n\n\n<hr class=\"wp-block-separator has-css-opacity is-style-wide\"\/>\n\n\n\n<h4 class=\"wp-block-heading\">Hinweis zur K\u00fcndigung der Mitgliedschaft:<\/h4>\n\n\n\n<p>Laut der <a href=\"http:\/\/neu2019.bv-graefrath.de\/wp-content\/uploads\/2019\/11\/Satzung-BVG.pdf\">Satzung<\/a> des BV Gr\u00e4frath kann die Mitgliedschaft nur <strong>per Einwurf-Einschreiben<\/strong> an die <strong>Vereinsanschrift<\/strong> erfolgen. Eine andere Form der K\u00fcndigung ist nicht rechtswirksam, insbesondere werden K\u00fcndigungen per E-Mail an das Vereinspostfach \u00fcber das &#8222;Kontakt-Formular&#8220; <strong>nicht akzeptiert<\/strong>, da sie nicht der laut Satzung vorgeschriebenen Form entsprechen! Danke f\u00fcr Ihr Verst\u00e4ndnis.<\/p>\n","protected":false},"excerpt":{"rendered":"<p>Wir freuen uns, dass Sie Mitglied im Ballspiel-Verein Gr\u00e4frath e.V. werden m\u00f6chten! Hier finden Sie alle wichtigen Informationen sowie die  [&#8230;]<\/p>\n","protected":false},"author":1,"featured_media":0,"parent":0,"menu_order":0,"comment_status":"closed","ping_status":"closed","template":"","meta":{"footnotes":""},"class_list":["post-39","page","type-page","status-publish","hentry"],"_links":{"self":[{"href":"https:\/\/bv-graefrath.de\/index.php?rest_route=\/wp\/v2\/pages\/39","targetHints":{"allow":["GET"]}}],"collection":[{"href":"https:\/\/bv-graefrath.de\/index.php?rest_route=\/wp\/v2\/pages"}],"about":[{"href":"https:\/\/bv-graefrath.de\/index.php?rest_route=\/wp\/v2\/types\/page"}],"author":[{"embeddable":true,"href":"https:\/\/bv-graefrath.de\/index.php?rest_route=\/wp\/v2\/users\/1"}],"replies":[{"embeddable":true,"href":"https:\/\/bv-graefrath.de\/index.php?rest_route=%2Fwp%2Fv2%2Fcomments&post=39"}],"version-history":[{"count":8,"href":"https:\/\/bv-graefrath.de\/index.php?rest_route=\/wp\/v2\/pages\/39\/revisions"}],"predecessor-version":[{"id":6173,"href":"https:\/\/bv-graefrath.de\/index.php?rest_route=\/wp\/v2\/pages\/39\/revisions\/6173"}],"wp:attachment":[{"href":"https:\/\/bv-graefrath.de\/index.php?rest_route=%2Fwp%2Fv2%2Fmedia&parent=39"}],"curies":[{"name":"wp","href":"https:\/\/api.w.org\/{rel}","templated":true}]}}