{"id":330,"date":"2019-11-19T09:28:06","date_gmt":"2019-11-19T09:28:06","guid":{"rendered":"http:\/\/neu2019.bv-graefrath.de\/?page_id=330"},"modified":"2019-11-19T09:28:06","modified_gmt":"2019-11-19T09:28:06","slug":"jugendordnung","status":"publish","type":"page","link":"https:\/\/bv-graefrath.de\/?page_id=330","title":{"rendered":"Jugendordnung"},"content":{"rendered":"\n<p><\/p>\n\n\n\n<table class=\"wp-block-table alignleft is-style-stripes\"><tbody><tr><td>\n  <strong>Fu\u00dfball-Jugendordnung\n  des BV Gr\u00e4frath e. V.<\/strong>\n  <\/td><\/tr><tr><td><strong>\u00a7 1<br>Name und Mitgliedschaft<\/strong>  <br>Mitglieder der Fu\u00dfball-Jugendabteilung des BV Gr\u00e4frath sind alle Jugendlichen   sowie die <br>gew\u00e4hlten berufenen und Mitarbeiter der Fu\u00dfball-Jugendabteilung. <br>   <br>      <\/td><\/tr><tr><td><strong>\u00a7 2<\/strong><br><strong>Aufgaben<\/strong><br>Die   Fu\u00dfball-Jugendabteilung des BV Gr\u00e4frath f\u00fchrt und verwaltet sich selbst\u00e4ndig   und entscheidet \u00fcber die Verwendung der ihr zuflie\u00dfenden Mittel. Aufgaben der   <br>Fu\u00dfball-Jugendabteilung des BV Gr\u00e4frath sind unter Beachtung der Grunds\u00e4tze des <br>freiheitlichen, demokratischen und sozialen Rechtsstaates:        <br> a) F\u00f6rderung des Sports als Teil der Jugendarbeit;      <br> b) Pflege der sportlichen Bet\u00e4tigung zur k\u00f6rperlichen Leistungsf\u00e4higkeit, Gesunderhaltung  <br>      und Lebensfreude;      \u00a0       <br> c) Erziehung zur kritischen Auseinandersetzung mit der Situation der Jugendlichen in der <br>     modernen Gesellschaft und Vermittlung der F\u00e4higkeit zur Einsicht in gesellschaftliche <br>     Zusammenh\u00e4nge;       \u00a0       <br> d) Zusammenarbeit mit allen Jugendorganisationen;       \u00a0       <br> e) Pflege der internationalen Verst\u00e4ndigung.      <\/td><\/tr><tr><td><strong>\u00a7 3<br>Organe<\/strong>   <br>Organe der   Fu\u00dfball-Jugendabteilung des BV Gr\u00e4frath sind:    <br>&#8211; der Fu\u00dfball-Jugendtag,<br>&#8211; der Fu\u00dfball-Jugendausschu\u00df und <br>&#8211; der Fu\u00dfball-Jugendvorstand.   <\/td><\/tr><tr><td><strong>\u00a7 4<br>Fu\u00dfball-Jugendtag<\/strong>   \u00a0   <br>a) Die Fu\u00dfball-Jugendtage sind ordentliche und au\u00dferordentliche. Sie sind das oberste <br>Organ der Fu\u00dfball-Jugendabteilung des BV Gr\u00e4frath.<br>   Der Fu\u00dfball-Jugendtag besteht aus:   <br>   1. A-Junioren und Juniorinnen, die der Altersklasse <br>   der A-Junioren entsprechen.<br>   2. B-Junioren und Juniorinnen, die der Altersklasse der B-Junioren   entsprechen.<br>   3. Mitglieder des Jugendausschusses<br>   4. Interessierte Mitglieder des BV Gr\u00e4frath.  <br> <br>b) Aufgaben der Fu\u00dfball-Jugendtage sind:    <br>   1. Entgegennahme der Berichte und   des Kassenabschlusses;<br>   2. Entlastung des Fu\u00dfball-Jugendvorstandes vor Wahlen;<br>   3. Wahlen des Fu\u00dfball-Jugendvorstandes,<br>   4. Beratung der Jahresziele(Ma\u00dfnahmen),<br>   5. Wahl des Jugendsprechers und seines Stellvertreters;<br>   6. Beschlu\u00dffassung \u00fcber vorliegende Antr\u00e4ge.   <br><\/td><\/tr><tr><td>c) Der ordentliche Fu\u00dfball-Jugendtag findet vor der Hauptversammlung des Vereins statt. <br>     Er wird zwei Wochen vorher vom Fu\u00dfball-Jugendvorstand unter Bekanntgabe der <br>     Tagesordnung und der evtl.  Antr\u00e4ge durch schriftliche Einladung einberufen. Auf Antrag     <br>     eines Viertels der stimmberechtigten Mitglieder des Fu\u00dfball-Jugendtages oder eines mit   <br>     mehr als 50 % der Stimmen gefassten Beschlusses des Fu\u00dfball-Jugendausschusses mu\u00df <br>     ein au\u00dferordentlicher Fu\u00dfball-Jugendtag innerhalb von zwei Wochen mit einer <br>     Ladungsfrist von sieben Tagen stattfinden. Der Fu\u00dfball-Jugendtag mu\u00df au\u00dferhalb der <br>     Schulferien stattfinden.    <\/td><\/tr><tr><td>d) Der Fu\u00dfball-Jugendtag ist ohne R\u00fccksicht auf die Zahl der erschienenen Mitglieder <br>     beschlu\u00dff\u00e4hig.   <br>e) Versammlungsleiter des Fu\u00dfball-Jugendtages ist der Vorsitzende des <br>     Fu\u00dfball-Jugendvorstandes.    <br>f) Bei Abstimmungen und Wahlen gen\u00fcgt die einfache Mehrheit der anwesenden <br>    Stimmberechtigten.    <br>g) Die Mitglieder des Fu\u00dfball-Jugendtages haben je eine nicht \u00fcbertragbare Stimme.    <\/td><\/tr><tr><td><strong>\u00a7 5<br>Fu\u00dfball-Jugendausschu\u00df<\/strong>   \u00a0   <br>a) Der Fu\u00dfball-Jugendausschu\u00df besteht aus:   <br>      1. den Trainern\/Trainer\/innen und Betreuer\/innen jeder am Spielbetrieb teilnehmenden             <br>          Jugendmannschaft des BV   Gr\u00e4frath;   <br>      2. je 2 Vertretern der A- und   B-Junioren\/Juniorinnen-Jahrg\u00e4nge;   <br>      3. dem\/der Jugendsprecher\/Jugendsprecherin und seinern\/ihrer Stellvertreter\/in;   <br>      4. den Mitgliedern des Jugendvorstandes;   <br>      5. maximal 2 gew\u00e4hlten Beisitzern;   <br>b) Er ber\u00e4t und verabschiedet die sportlichen, wirtschaftlichen und geselligen Ziele des <br>     Jahres.   <br>c) Stimmberechtigt im Fu\u00dfball-Jugendausschu\u00df   sind:   \u00a0   <br>       1. je ein(e)Trainer(in) und ein(e)Betreuer(in)jeder am Spielbetrieb teilnehmenden <br>           Jugendmannschaft des BV   Gr\u00e4frath;   \u00a0   <br>       2. die Vertreter der A- und B-Junioren und Juniorinnen;   \u00a0   <br>       3. der\/die Jugendsprecher\/in und   sein\/ihre Vertreter\/in;   \u00a0   <br>       4. die Mitglieder des Jugendvorstandes;   \u00a0   <br>       5. die Beisitzer.   <\/td><\/tr><tr><td><strong>\u00a7 6<br>Fu\u00dfball-Jugendvorstand<\/strong>   \u00a0   <br>&#8211; Der Fu\u00dfball-Jugendvorstand besteht aus 5 vollj\u00e4hrigen Mitgliedern des BV Gr\u00e4frath. Er <br>  gibt sich seine   eigene Gesch\u00e4ftsverteilung.   <br>&#8211; der Jugendvorstand w\u00e4hlt seinenVorsitzenden und dessen Stellvertreter selbst.    <br>&#8211; Der Vorsitzende des   Fu\u00dfball-Jugendvorstandes vertritt die Interessen der Vereinsjugend   <br>  nach innen und au\u00dfen.   <br>&#8211; Der Fu\u00dfball-Jugendvorstand erf\u00fcllt seine Aufgaben im Rahmen der Vereinssatzung, der   <br>  Fu\u00dfball-Jugendordnung sowie derBeschl\u00fcsse des Fu\u00dfball-Jugendtages. <br>  Der Fu\u00dfball-Jugendvorstand ist f\u00fcr seine Beschl\u00fcsse dem Vereins-Fu\u00dfball-Jugendtag, dem  <br>  Fu\u00dfball-Jugendausschu\u00df und dem Vereinsvorstand verantwortlich. Die Mitglieder des <br>  Fu\u00dfball-Jugendvorstandes werden alle zwei Jahre gew\u00e4hlt und bleiben bis zur Neuwahl <br>  eines Fu\u00dfball-Jugendvorstandes im Amt.   <br>&#8211; Die Sitzungen des   Fu\u00dfball-Jugendvorstandes finden nach Bedarf statt. Der Fu\u00dfball-<br>  Jugendvorstand ist zust\u00e4ndig f\u00fcr alle Angelegenheiten der Fu\u00dfball-Jugendabteilung. <br>  Er entscheidet \u00fcber die Verwendung der der Fu\u00dfball-Jugendabteilung zuflie\u00dfenden   <br>  Mittel. Er liefert die Beschlu\u00dfvorlagen f\u00fcr den Fu\u00dfball-Jugendausschu\u00df.   <br>&#8211; Die Beschl\u00fcsse des Fu\u00dfball-Jugendvorstandes bed\u00fcrfen mindestens dreier Ja-Stimmen.   <\/td><\/tr><tr><td><strong>\u00a7 7<br>\u00c4nderungen der Fu\u00dfball-Jugendordnung<\/strong>   <br>\u00c4nderungen der Fu\u00dfball-Jugendordnung k\u00f6nnen nur von einem ordentlichen <br>Fu\u00dfball-Jugendtag oder einem speziell zu diesem Zwecke einberufenen au\u00dferordentlichen   Fu\u00dfball-Jugendtag beschlossen werden. Sie bed\u00fcrfen der Zustimmung von mindestens der 2\/3 der anwesenden Stimmberechtigten. <br>   <br>Die H\u00f6he der Beitr\u00e4ge regelt der Jugendausschu\u00df. <br>   <br>Die Jugendtrainer (maximal 2 f\u00fcr jede Mannschaft) sind beitragsfrei. Weitere   Mitarbeiter<br>der Jugendabteilung k\u00f6nnen vom Vereinsvorstand beitragsfrei   gestellt werden. <br>   <br>Alle Jungschiedsrichter geh\u00f6ren der Fu\u00dfball-Jugendabteilung an und sind   beitragsfrei.    <\/td><\/tr><tr><td><strong>\u00a7 8<\/strong><br><strong>Salvatorische Klausel<\/strong>   <br>Durch etwaige Ung\u00fcltigkeit einer oder mehrerer Bestimmungen vorstehendender Satzung   wird die G\u00fcltigkeit der \u00fcbrigen Bestimmungen nicht ber\u00fchrt. <br>   <br>Solingen, im Januar 1997    <\/td><\/tr><\/tbody><\/table>\n","protected":false},"excerpt":{"rendered":"<p>Fu\u00dfball-Jugendordnung des BV Gr\u00e4frath e. V. \u00a7 1Name und Mitgliedschaft Mitglieder der Fu\u00dfball-Jugendabteilung des BV Gr\u00e4frath sind alle Jugendlichen sowie  [&#8230;]<\/p>\n","protected":false},"author":1,"featured_media":0,"parent":0,"menu_order":0,"comment_status":"closed","ping_status":"closed","template":"","meta":{"footnotes":""},"class_list":["post-330","page","type-page","status-publish","hentry"],"_links":{"self":[{"href":"https:\/\/bv-graefrath.de\/index.php?rest_route=\/wp\/v2\/pages\/330","targetHints":{"allow":["GET"]}}],"collection":[{"href":"https:\/\/bv-graefrath.de\/index.php?rest_route=\/wp\/v2\/pages"}],"about":[{"href":"https:\/\/bv-graefrath.de\/index.php?rest_route=\/wp\/v2\/types\/page"}],"author":[{"embeddable":true,"href":"https:\/\/bv-graefrath.de\/index.php?rest_route=\/wp\/v2\/users\/1"}],"replies":[{"embeddable":true,"href":"https:\/\/bv-graefrath.de\/index.php?rest_route=%2Fwp%2Fv2%2Fcomments&post=330"}],"version-history":[{"count":0,"href":"https:\/\/bv-graefrath.de\/index.php?rest_route=\/wp\/v2\/pages\/330\/revisions"}],"wp:attachment":[{"href":"https:\/\/bv-graefrath.de\/index.php?rest_route=%2Fwp%2Fv2%2Fmedia&parent=330"}],"curies":[{"name":"wp","href":"https:\/\/api.w.org\/{rel}","templated":true}]}}