{"id":232,"date":"2019-11-18T13:50:27","date_gmt":"2019-11-18T13:50:27","guid":{"rendered":"http:\/\/neu2019.bv-graefrath.de\/?page_id=232"},"modified":"2025-09-22T14:22:36","modified_gmt":"2025-09-22T12:22:36","slug":"e2-junioren","status":"publish","type":"page","link":"https:\/\/bv-graefrath.de\/?page_id=232","title":{"rendered":"C2 Junioren"},"content":{"rendered":"\n<h4 class=\"wp-block-heading\">Spielklasse:<\/h4>\n\n\n\n<p><a href=\"https:\/\/www.fussball.de\/mannschaft\/bv-graefrath-ii-bsv-graefrath-niederrhein\/-\/saison\/2425\/team-id\/02MVE2CUIO000000VS5489B1VTQBL2MA#!\" target=\"_blank\" rel=\"noreferrer noopener\">Kreisklasse 3<\/a><\/p>\n\n\n\n<h4 class=\"wp-block-heading\">Altersstufe:<\/h4>\n\n\n\n<p>U15 (13-14 Jahre), Jahrgang 2011\/2012<\/p>\n\n\n\n<h4 class=\"wp-block-heading\">Trainingszeiten:<\/h4>\n\n\n\n<figure class=\"wp-block-table\"><table><tbody><tr><td><strong> Mittwoch:<\/strong> 18:00 &#8211; 19.15 Uhr<\/td><td><strong> Freitag:<\/strong> 19.00 &#8211; 20.15 Uhr<\/td><\/tr><\/tbody><\/table><\/figure>\n\n\n\n<figure class=\"wp-block-image size-large\"><img loading=\"lazy\" decoding=\"async\" width=\"1024\" height=\"683\" src=\"https:\/\/bv-graefrath.de\/wp-content\/uploads\/2025\/09\/C2_2025_2026_ohneTrainer-1024x683.jpg\" alt=\"\" class=\"wp-image-6064\" srcset=\"https:\/\/bv-graefrath.de\/wp-content\/uploads\/2025\/09\/C2_2025_2026_ohneTrainer-1024x683.jpg 1024w, https:\/\/bv-graefrath.de\/wp-content\/uploads\/2025\/09\/C2_2025_2026_ohneTrainer-300x200.jpg 300w, https:\/\/bv-graefrath.de\/wp-content\/uploads\/2025\/09\/C2_2025_2026_ohneTrainer-768x512.jpg 768w, https:\/\/bv-graefrath.de\/wp-content\/uploads\/2025\/09\/C2_2025_2026_ohneTrainer-1536x1025.jpg 1536w, https:\/\/bv-graefrath.de\/wp-content\/uploads\/2025\/09\/C2_2025_2026_ohneTrainer-840x560.jpg 840w, https:\/\/bv-graefrath.de\/wp-content\/uploads\/2025\/09\/C2_2025_2026_ohneTrainer-120x80.jpg 120w, https:\/\/bv-graefrath.de\/wp-content\/uploads\/2025\/09\/C2_2025_2026_ohneTrainer-360x240.jpg 360w, https:\/\/bv-graefrath.de\/wp-content\/uploads\/2025\/09\/C2_2025_2026_ohneTrainer-600x400.jpg 600w, https:\/\/bv-graefrath.de\/wp-content\/uploads\/2025\/09\/C2_2025_2026_ohneTrainer.jpg 2048w\" sizes=\"auto, (max-width: 1024px) 100vw, 1024px\" \/><\/figure>\n\n\n\n<h4 class=\"wp-block-heading\">Kontakt:<\/h4>\n\n\n\n<figure class=\"wp-block-table is-style-stripes\"><table><tbody><tr><td><\/td><td><\/td><td><strong>Name:<\/strong><\/td><td><strong>Telefon:<\/strong><\/td><td><strong>E-Mail:<\/strong><\/td><\/tr><tr><td><strong>Trainer<\/strong><\/td><td><img loading=\"lazy\" decoding=\"async\" width=\"100\" height=\"107\" class=\"wp-image-4994\" style=\"width: 100px;\" src=\"https:\/\/bv-graefrath.de\/wp-content\/uploads\/2024\/09\/bild-folgt-maennl.jpg\" alt=\"\" srcset=\"https:\/\/bv-graefrath.de\/wp-content\/uploads\/2024\/09\/bild-folgt-maennl.jpg 500w, https:\/\/bv-graefrath.de\/wp-content\/uploads\/2024\/09\/bild-folgt-maennl-280x300.jpg 280w\" sizes=\"auto, (max-width: 100px) 100vw, 100px\" \/><\/td><td>C\u00fcneyt G\u00f6gdemir<\/td><td>0174-3068828<\/td><td>c.goekdemir@bv-graefrath.de<\/td><\/tr><tr><td><strong>Co-Trainerin<\/strong><\/td><td><img loading=\"lazy\" decoding=\"async\" width=\"100\" height=\"100\" class=\"wp-image-4995\" style=\"width: 100px;\" src=\"https:\/\/bv-graefrath.de\/wp-content\/uploads\/2024\/09\/bild-folgt-weiblich.jpg\" alt=\"\"><\/td><td>Z\u00fcmral \u00d6zt\u00fcrk<\/td><td><\/td><td>z.oeztuerk@bv-graefrath.de<\/td><\/tr><\/tbody><\/table><\/figure>\n\n\n\n<script \n  type=\"text\/javascript\" \n  src=\"https:\/\/www.fussball.de\/widgets.js\">\n<\/script>\n<div \n  class=\"fussballde_widget\"\n  data-id=\"dfd0e5f3-c5c5-4e02-9667-092007e4c74f\"\n  data-type=\"competition\"\n  style=\"width: 100%\"\n><\/div>\n","protected":false},"excerpt":{"rendered":"<p>Spielklasse: Kreisklasse 3 Altersstufe: U15 (13-14 Jahre), Jahrgang 2011\/2012 Trainingszeiten: Mittwoch: 18:00 &#8211; 19.15 Uhr Freitag: 19.00 &#8211; 20.15 Uhr  [&#8230;]<\/p>\n","protected":false},"author":1,"featured_media":0,"parent":0,"menu_order":0,"comment_status":"closed","ping_status":"closed","template":"","meta":{"footnotes":""},"class_list":["post-232","page","type-page","status-publish","hentry"],"_links":{"self":[{"href":"https:\/\/bv-graefrath.de\/index.php?rest_route=\/wp\/v2\/pages\/232","targetHints":{"allow":["GET"]}}],"collection":[{"href":"https:\/\/bv-graefrath.de\/index.php?rest_route=\/wp\/v2\/pages"}],"about":[{"href":"https:\/\/bv-graefrath.de\/index.php?rest_route=\/wp\/v2\/types\/page"}],"author":[{"embeddable":true,"href":"https:\/\/bv-graefrath.de\/index.php?rest_route=\/wp\/v2\/users\/1"}],"replies":[{"embeddable":true,"href":"https:\/\/bv-graefrath.de\/index.php?rest_route=%2Fwp%2Fv2%2Fcomments&post=232"}],"version-history":[{"count":15,"href":"https:\/\/bv-graefrath.de\/index.php?rest_route=\/wp\/v2\/pages\/232\/revisions"}],"predecessor-version":[{"id":6065,"href":"https:\/\/bv-graefrath.de\/index.php?rest_route=\/wp\/v2\/pages\/232\/revisions\/6065"}],"wp:attachment":[{"href":"https:\/\/bv-graefrath.de\/index.php?rest_route=%2Fwp%2Fv2%2Fmedia&parent=232"}],"curies":[{"name":"wp","href":"https:\/\/api.w.org\/{rel}","templated":true}]}}